{"id":746,"date":"2018-03-27T16:38:44","date_gmt":"2018-03-27T14:38:44","guid":{"rendered":"http:\/\/nathan-daviet.com\/?page_id=746"},"modified":"2025-04-14T11:13:52","modified_gmt":"2025-04-14T09:13:52","slug":"soins-visage","status":"publish","type":"page","link":"https:\/\/institut-uninstantpoursoi.fr\/index.php\/soins-visage\/","title":{"rendered":"Soins Visage"},"content":{"rendered":"<p><div class=\"fusion-fullwidth fullwidth-box fusion-builder-row-1 fusion-parallax-fixed nonhundred-percent-fullwidth non-hundred-percent-height-scrolling\" style=\"--awb-border-radius-top-left:0px;--awb-border-radius-top-right:0px;--awb-border-radius-bottom-right:0px;--awb-border-radius-bottom-left:0px;--awb-background-image:url(&quot;https:\/\/institut-uninstantpoursoi.fr\/wp-content\/uploads\/2018\/03\/Reiki1.jpg&quot;);--awb-background-size:cover;--awb-flex-wrap:wrap;background-attachment:fixed;\" ><div class=\"fusion-builder-row fusion-row\"><div class=\"fusion-layout-column fusion_builder_column fusion-builder-column-0 fusion_builder_column_1_1 1_1 fusion-one-full fusion-column-first fusion-column-last\" style=\"--awb-bg-size:cover;\"><div class=\"fusion-column-wrapper fusion-flex-column-wrapper-legacy\"><div class=\"fusion-sep-clear\"><\/div><div class=\"fusion-separator fusion-full-width-sep\" style=\"margin-left: auto;margin-right: auto;margin-top:200px;width:100%;\"><\/div><div class=\"fusion-sep-clear\"><\/div><div class=\"fusion-title title fusion-title-1 fusion-sep-none fusion-title-center fusion-title-text fusion-title-size-one\" style=\"--awb-margin-top-small:10px;--awb-margin-right-small:0px;--awb-margin-bottom-small:10px;--awb-margin-left-small:0px;\"><h1 class=\"fusion-title-heading title-heading-center\" style=\"margin:0;\"><h1 style=\"text-align: center;\">Soins Visage<\/h1><\/h1><\/div><div class=\"fusion-sep-clear\"><\/div><div class=\"fusion-separator fusion-full-width-sep\" style=\"margin-left: auto;margin-right: auto;margin-top:200px;width:100%;\"><\/div><div class=\"fusion-sep-clear\"><\/div><div class=\"fusion-clearfix\"><\/div><\/div><\/div><\/div><\/div><div class=\"fusion-fullwidth fullwidth-box fusion-builder-row-2 nonhundred-percent-fullwidth non-hundred-percent-height-scrolling\" style=\"--awb-border-radius-top-left:0px;--awb-border-radius-top-right:0px;--awb-border-radius-bottom-right:0px;--awb-border-radius-bottom-left:0px;--awb-flex-wrap:wrap;\" ><div class=\"fusion-builder-row fusion-row\"><div class=\"fusion-layout-column fusion_builder_column fusion-builder-column-1 fusion_builder_column_1_1 1_1 fusion-one-full fusion-column-first fusion-column-last\" style=\"--awb-bg-size:cover;\"><div class=\"fusion-column-wrapper fusion-flex-column-wrapper-legacy\"><div class=\"fusion-sep-clear\"><\/div><div class=\"fusion-separator fusion-full-width-sep\" style=\"margin-left: auto;margin-right: auto;margin-top:50px;width:100%;\"><\/div><div class=\"fusion-sep-clear\"><\/div><div class=\"fusion-text fusion-text-1\"><p><strong>Soin Visage \u00ab\u00a0Ressour\u00e7ant\u00a0\u00bb\u00a0<\/strong>: \u00a0 \u00a0 \u00a0 \u00a0 \u00a0 \u00a0 \u00a060 min&#8230;\u2026.65\u20ac<\/p>\n<p>Soin personnalis\u00e9 adapt\u00e9 \u00e0 votre\u00a0type de peau\u00a0 et \u00e0 ses besoins (hydratant, apaisant, \u00e9quilibrant, purifiant). Ce soin utilise des produits Bio et comprend un gommage, un massage du visage et un masque adapt\u00e9 aux besoins de la peau.<\/p>\n<p><strong>Soin \u00ab\u00a0Sp\u00e9cifique Anti-\u00e2ge\u00a0\u00bb<\/strong>: \u00a0 \u00a0 \u00a0 \u00a0 75 min&#8230;\u202680\u20ac<\/p>\n<p>Ce soin hydratant et liftant, est sp\u00e9cifique pour les peaux matures. Il inclue l&rsquo;association de techniques de massage du visage, \u00e0 l&rsquo;utilisation d&rsquo;actifs anti-\u00e2ge concentr\u00e9s, pour hydrater votre peau en profondeur et la raffermir.<\/p>\n<p><strong>Soin \u00ab\u00a0Anti-\u00e2ge Prestige\u00a0\u00bb:<\/strong>\u00a0 \u00a0 \u00a0 \u00a0105 min&#8230;&#8230;105\u20ac<\/p>\n<p>Ce soin procure une profonde relaxation en incluant le Kobido, massage japonais du visage, il apportera \u00e0 votre peau, un effet liftant, d\u00e9fatiguant et revitalisant ainsi qu&rsquo;une hydratation en profondeur gr\u00e2ce \u00e0 l&rsquo;utilisation d&rsquo;un masque sp\u00e9cifique (feuille de collag\u00e8ne ou masque coagulable en fonction du type de peau).\u00a0Effet\u00a0repulpant et coup d&rsquo;\u00e9clat imm\u00e9diat.<\/p>\n<\/div><div class=\"fusion-button-wrapper fusion-aligncenter\"><a class=\"fusion-button button-flat fusion-button-default-size button-custom fusion-button-default button-1 fusion-button-default-span fusion-button-default-type\" style=\"--button_accent_color:#ffffff;--button_accent_hover_color:#ffffff;--button_border_hover_color:#ffffff;--button_gradient_top_color:#890981;--button_gradient_bottom_color:#890981;--button_gradient_top_color_hover:#ba1886;--button_gradient_bottom_color_hover:#ba1886;\" target=\"_self\" href=\"https:\/\/www.resalib.fr\/praticien\/100689-stephanie-pinhel-un-instant-pour-soi-praticien-en-energetique-chinoise-filliere\"><span class=\"fusion-button-text awb-button__text awb-button__text--default\">Prendre rendez-vous en ligne<\/span><\/a><\/div><div class=\"fusion-title title fusion-title-2 fusion-sep-none fusion-title-center fusion-title-text fusion-title-size-one\" style=\"--awb-margin-top-small:10px;--awb-margin-right-small:0px;--awb-margin-bottom-small:10px;--awb-margin-left-small:0px;\"><h1 class=\"fusion-title-heading title-heading-center\" style=\"margin:0;\"><h2 style=\"text-align: center;\"><em> <a style=\"color: #eab8ff;\" href=\"http:\/\/institut-uninstantpoursoi.fr\/index.php\/presentation\/\" target=\"blank\"><strong>Soins r\u00e9alis\u00e9s par St\u00e9phanie, esth\u00e9ticienne dipl\u00f4m\u00e9e d&rsquo;Etat.<\/strong><\/a><\/em><\/h2><\/h1><\/div><div class=\"fusion-sep-clear\"><\/div><div class=\"fusion-separator fusion-full-width-sep\" style=\"margin-left: auto;margin-right: auto;margin-top:20px;width:100%;\"><\/div><div class=\"fusion-sep-clear\"><\/div><div class=\"fusion-clearfix\"><\/div><\/div><\/div><\/div><\/div><\/p>\n","protected":false},"excerpt":{"rendered":"","protected":false},"author":1,"featured_media":0,"parent":0,"menu_order":0,"comment_status":"closed","ping_status":"closed","template":"","meta":{"footnotes":""},"class_list":["post-746","page","type-page","status-publish","hentry"],"yoast_head":"<!-- This site is optimized with the Yoast SEO plugin v26.8 - https:\/\/yoast.com\/product\/yoast-seo-wordpress\/ -->\n<title>Soins Visage - Un instant pour soi<\/title>\n<meta name=\"robots\" content=\"index, follow, max-snippet:-1, max-image-preview:large, max-video-preview:-1\" \/>\n<link rel=\"canonical\" href=\"https:\/\/institut-uninstantpoursoi.fr\/index.php\/soins-visage\/\" \/>\n<meta property=\"og:locale\" content=\"fr_FR\" \/>\n<meta property=\"og:type\" content=\"article\" \/>\n<meta property=\"og:title\" content=\"Soins Visage - Un instant pour soi\" \/>\n<meta property=\"og:url\" content=\"https:\/\/institut-uninstantpoursoi.fr\/index.php\/soins-visage\/\" \/>\n<meta property=\"og:site_name\" content=\"Un instant pour soi\" \/>\n<meta property=\"article:modified_time\" content=\"2025-04-14T09:13:52+00:00\" \/>\n<meta name=\"twitter:card\" content=\"summary_large_image\" \/>\n<meta name=\"twitter:label1\" content=\"Dur\u00e9e de lecture estim\u00e9e\" \/>\n\t<meta name=\"twitter:data1\" content=\"1 minute\" \/>\n<script type=\"application\/ld+json\" class=\"yoast-schema-graph\">{\"@context\":\"https:\/\/schema.org\",\"@graph\":[{\"@type\":\"WebPage\",\"@id\":\"https:\/\/institut-uninstantpoursoi.fr\/index.php\/soins-visage\/\",\"url\":\"https:\/\/institut-uninstantpoursoi.fr\/index.php\/soins-visage\/\",\"name\":\"Soins Visage - Un instant pour soi\",\"isPartOf\":{\"@id\":\"https:\/\/institut-uninstantpoursoi.fr\/#website\"},\"datePublished\":\"2018-03-27T14:38:44+00:00\",\"dateModified\":\"2025-04-14T09:13:52+00:00\",\"breadcrumb\":{\"@id\":\"https:\/\/institut-uninstantpoursoi.fr\/index.php\/soins-visage\/#breadcrumb\"},\"inLanguage\":\"fr-FR\",\"potentialAction\":[{\"@type\":\"ReadAction\",\"target\":[\"https:\/\/institut-uninstantpoursoi.fr\/index.php\/soins-visage\/\"]}]},{\"@type\":\"BreadcrumbList\",\"@id\":\"https:\/\/institut-uninstantpoursoi.fr\/index.php\/soins-visage\/#breadcrumb\",\"itemListElement\":[{\"@type\":\"ListItem\",\"position\":1,\"name\":\"Accueil\",\"item\":\"https:\/\/institut-uninstantpoursoi.fr\/\"},{\"@type\":\"ListItem\",\"position\":2,\"name\":\"Soins Visage\"}]},{\"@type\":\"WebSite\",\"@id\":\"https:\/\/institut-uninstantpoursoi.fr\/#website\",\"url\":\"https:\/\/institut-uninstantpoursoi.fr\/\",\"name\":\"Un instant pour soi\",\"description\":\"Cabinet de massage\",\"potentialAction\":[{\"@type\":\"SearchAction\",\"target\":{\"@type\":\"EntryPoint\",\"urlTemplate\":\"https:\/\/institut-uninstantpoursoi.fr\/?s={search_term_string}\"},\"query-input\":{\"@type\":\"PropertyValueSpecification\",\"valueRequired\":true,\"valueName\":\"search_term_string\"}}],\"inLanguage\":\"fr-FR\"}]}<\/script>\n<!-- \/ Yoast SEO plugin. -->","yoast_head_json":{"title":"Soins Visage - Un instant pour soi","robots":{"index":"index","follow":"follow","max-snippet":"max-snippet:-1","max-image-preview":"max-image-preview:large","max-video-preview":"max-video-preview:-1"},"canonical":"https:\/\/institut-uninstantpoursoi.fr\/index.php\/soins-visage\/","og_locale":"fr_FR","og_type":"article","og_title":"Soins Visage - Un instant pour soi","og_url":"https:\/\/institut-uninstantpoursoi.fr\/index.php\/soins-visage\/","og_site_name":"Un instant pour soi","article_modified_time":"2025-04-14T09:13:52+00:00","twitter_card":"summary_large_image","twitter_misc":{"Dur\u00e9e de lecture estim\u00e9e":"1 minute"},"schema":{"@context":"https:\/\/schema.org","@graph":[{"@type":"WebPage","@id":"https:\/\/institut-uninstantpoursoi.fr\/index.php\/soins-visage\/","url":"https:\/\/institut-uninstantpoursoi.fr\/index.php\/soins-visage\/","name":"Soins Visage - Un instant pour soi","isPartOf":{"@id":"https:\/\/institut-uninstantpoursoi.fr\/#website"},"datePublished":"2018-03-27T14:38:44+00:00","dateModified":"2025-04-14T09:13:52+00:00","breadcrumb":{"@id":"https:\/\/institut-uninstantpoursoi.fr\/index.php\/soins-visage\/#breadcrumb"},"inLanguage":"fr-FR","potentialAction":[{"@type":"ReadAction","target":["https:\/\/institut-uninstantpoursoi.fr\/index.php\/soins-visage\/"]}]},{"@type":"BreadcrumbList","@id":"https:\/\/institut-uninstantpoursoi.fr\/index.php\/soins-visage\/#breadcrumb","itemListElement":[{"@type":"ListItem","position":1,"name":"Accueil","item":"https:\/\/institut-uninstantpoursoi.fr\/"},{"@type":"ListItem","position":2,"name":"Soins Visage"}]},{"@type":"WebSite","@id":"https:\/\/institut-uninstantpoursoi.fr\/#website","url":"https:\/\/institut-uninstantpoursoi.fr\/","name":"Un instant pour soi","description":"Cabinet de massage","potentialAction":[{"@type":"SearchAction","target":{"@type":"EntryPoint","urlTemplate":"https:\/\/institut-uninstantpoursoi.fr\/?s={search_term_string}"},"query-input":{"@type":"PropertyValueSpecification","valueRequired":true,"valueName":"search_term_string"}}],"inLanguage":"fr-FR"}]}},"_links":{"self":[{"href":"https:\/\/institut-uninstantpoursoi.fr\/index.php\/wp-json\/wp\/v2\/pages\/746","targetHints":{"allow":["GET"]}}],"collection":[{"href":"https:\/\/institut-uninstantpoursoi.fr\/index.php\/wp-json\/wp\/v2\/pages"}],"about":[{"href":"https:\/\/institut-uninstantpoursoi.fr\/index.php\/wp-json\/wp\/v2\/types\/page"}],"author":[{"embeddable":true,"href":"https:\/\/institut-uninstantpoursoi.fr\/index.php\/wp-json\/wp\/v2\/users\/1"}],"replies":[{"embeddable":true,"href":"https:\/\/institut-uninstantpoursoi.fr\/index.php\/wp-json\/wp\/v2\/comments?post=746"}],"version-history":[{"count":22,"href":"https:\/\/institut-uninstantpoursoi.fr\/index.php\/wp-json\/wp\/v2\/pages\/746\/revisions"}],"predecessor-version":[{"id":1714,"href":"https:\/\/institut-uninstantpoursoi.fr\/index.php\/wp-json\/wp\/v2\/pages\/746\/revisions\/1714"}],"wp:attachment":[{"href":"https:\/\/institut-uninstantpoursoi.fr\/index.php\/wp-json\/wp\/v2\/media?parent=746"}],"curies":[{"name":"wp","href":"https:\/\/api.w.org\/{rel}","templated":true}]}}