{"id":743,"date":"2018-03-26T19:04:49","date_gmt":"2018-03-26T17:04:49","guid":{"rendered":"http:\/\/nathan-daviet.com\/?page_id=743"},"modified":"2025-02-27T18:34:07","modified_gmt":"2025-02-27T17:34:07","slug":"soins-maternite","status":"publish","type":"page","link":"https:\/\/institut-uninstantpoursoi.fr\/index.php\/soins-maternite\/","title":{"rendered":"Soins Maternit\u00e9 et Enfants"},"content":{"rendered":"<p><div class=\"fusion-fullwidth fullwidth-box fusion-builder-row-1 fusion-parallax-fixed nonhundred-percent-fullwidth non-hundred-percent-height-scrolling\" style=\"--awb-border-radius-top-left:0px;--awb-border-radius-top-right:0px;--awb-border-radius-bottom-right:0px;--awb-border-radius-bottom-left:0px;--awb-background-image:url(&quot;https:\/\/institut-uninstantpoursoi.fr\/wp-content\/uploads\/2018\/03\/Pregnant.jpg&quot;);--awb-background-size:cover;--awb-flex-wrap:wrap;background-attachment:fixed;\" ><div class=\"fusion-builder-row fusion-row\"><div class=\"fusion-layout-column fusion_builder_column fusion-builder-column-0 fusion_builder_column_1_1 1_1 fusion-one-full fusion-column-first fusion-column-last\" style=\"--awb-bg-size:cover;\"><div class=\"fusion-column-wrapper fusion-flex-column-wrapper-legacy\"><div class=\"fusion-sep-clear\"><\/div><div class=\"fusion-separator fusion-full-width-sep\" style=\"margin-left: auto;margin-right: auto;margin-top:200px;width:100%;\"><\/div><div class=\"fusion-sep-clear\"><\/div><div class=\"fusion-title title fusion-title-1 fusion-sep-none fusion-title-center fusion-title-text fusion-title-size-one\" style=\"--awb-margin-top-small:10px;--awb-margin-right-small:0px;--awb-margin-bottom-small:10px;--awb-margin-left-small:0px;\"><h1 class=\"fusion-title-heading title-heading-center\" style=\"margin:0;\"><h1 style=\"text-align: center;\"><strong>Soins Maternit\u00e9 et Enfants<\/strong><\/h1><\/h1><\/div><div class=\"fusion-sep-clear\"><\/div><div class=\"fusion-separator fusion-full-width-sep\" style=\"margin-left: auto;margin-right: auto;margin-top:200px;width:100%;\"><\/div><div class=\"fusion-sep-clear\"><\/div><div class=\"fusion-clearfix\"><\/div><\/div><\/div><\/div><\/div><div class=\"fusion-fullwidth fullwidth-box fusion-builder-row-2 nonhundred-percent-fullwidth non-hundred-percent-height-scrolling\" style=\"--awb-border-radius-top-left:0px;--awb-border-radius-top-right:0px;--awb-border-radius-bottom-right:0px;--awb-border-radius-bottom-left:0px;--awb-flex-wrap:wrap;\" ><div class=\"fusion-builder-row fusion-row\"><div class=\"fusion-layout-column fusion_builder_column fusion-builder-column-1 fusion_builder_column_1_1 1_1 fusion-one-full fusion-column-first fusion-column-last\" style=\"--awb-bg-size:cover;\"><div class=\"fusion-column-wrapper fusion-flex-column-wrapper-legacy\"><div class=\"fusion-sep-clear\"><\/div><div class=\"fusion-separator fusion-full-width-sep\" style=\"margin-left: auto;margin-right: auto;margin-top:50px;width:100%;\"><\/div><div class=\"fusion-sep-clear\"><\/div><div class=\"fusion-text fusion-text-1\"><h2><strong>Massage Future Maman:<\/strong><\/h2>\n<p>D\u00e8s le 4\u00e8me mois de grossesse et jusqu&rsquo;au terme. Ce massage du corps entier vous apportera des bienfaits \u00e0 la fois physiques et \u00e9motionnels.<\/p>\n<p>Il permet une lib\u00e9ration des tensions musculaires, une am\u00e9lioration de la digestion et de la circulation et procure une profonde d\u00e9tente et relaxation pour la future maman. Adaptation du massage\u00a0en fonction de l&rsquo;\u00e9volution de la grossesse.<\/p>\n<p><strong>S\u00e9ance de 60 min= 70\u20ac,\u00a0<\/strong><strong>S\u00e9ance de 80 min= 85\u20ac<\/strong><\/p>\n<h2><\/h2>\n<\/div><div class=\"fusion-sep-clear\"><\/div><div class=\"fusion-separator fusion-full-width-sep\" style=\"margin-left: auto;margin-right: auto;margin-top:50px;width:100%;\"><\/div><div class=\"fusion-sep-clear\"><\/div><div class=\"fusion-text fusion-text-2\"><h2><strong>Massage B\u00e9b\u00e9 :<\/strong><\/h2>\n<p>Massage relaxant du corps entier avec une attention particuli\u00e8re pour le ventre.<\/p>\n<p>Ce massage aura pour effet de d\u00e9nouer les tensions et les \u00e9motions pr\u00e9sentes et install\u00e9es dans le corps de b\u00e9b\u00e9 ainsi qu&rsquo;une prise de conscience de son corps. Les b\u00e9b\u00e9s ressentent et int\u00e8grent dans leur corps, tout ce qu&rsquo;il se passe \u00e0 l&rsquo;ext\u00e9rieur et ont besoin d&rsquo;\u00e9vacuer ce qu&rsquo;ils ressentent.<\/p>\n<p>Ce massage lui apportera un apaisement et un soulagement des tensions ainsi qu&rsquo;une v\u00e9ritable sensation de d\u00e9tente. Celui-ci peut am\u00e9liorer le sommeil et la digestion.<\/p>\n<p>Privil\u00e9gier un moment de la journ\u00e9e assez calme pour b\u00e9b\u00e9, d\u00e9conseill\u00e9 avant un repas et pour les b\u00e9b\u00e9s trop dynamiques<\/p>\n<p>(Pour les b\u00e9b\u00e9s de 1 mois \u00e0 36 mois).<\/p>\n<p><strong>S\u00e9ance de 30 min (Massage de 15 min environ) = 20\u20ac ( de 1 \u00e0 15 mois),\u00a0<\/strong><\/p>\n<p><strong>S\u00e9ance de 45 min (Massage de 30 min environ) = 35\u20ac (de 15 \u00e0 36 mois)<\/strong><\/p>\n<\/div><div class=\"fusion-sep-clear\"><\/div><div class=\"fusion-separator fusion-full-width-sep\" style=\"margin-left: auto;margin-right: auto;margin-top:50px;width:100%;\"><\/div><div class=\"fusion-sep-clear\"><\/div><div class=\"fusion-text fusion-text-3\"><h2><strong>Atelier Massage B\u00e9b\u00e9:<\/strong><\/h2>\n<p>Atelier permettant d&rsquo;accompagner Papa et Maman dans l&rsquo;apprentissage d&rsquo;un massage pour b\u00e9b\u00e9 avec des gestes simples sur le corps entier, permettant d&rsquo;apaiser les nourrissons et de cr\u00e9er une relation plus profonde avec b\u00e9b\u00e9.<\/p>\n<p>Lors de cet atelier, ce sont les parents qui massent le b\u00e9b\u00e9 (pour les b\u00e9b\u00e9s de\u00a01 \u00e0 9 mois). L&rsquo;id\u00e9al \u00e9tant de venir le plus rapidement possible pour pouvoir masser b\u00e9b\u00e9 dans ces premiers mois de vie.<\/p>\n<p><strong>S\u00e9ance de 50 min = 50\u20ac<\/strong><\/p>\n<\/div><div class=\"fusion-sep-clear\"><\/div><div class=\"fusion-separator fusion-full-width-sep\" style=\"margin-left: auto;margin-right: auto;margin-top:50px;width:100%;\"><\/div><div class=\"fusion-sep-clear\"><\/div><div class=\"fusion-title title fusion-title-2 fusion-sep-none fusion-title-center fusion-title-text fusion-title-size-one\" style=\"--awb-margin-top-small:10px;--awb-margin-right-small:0px;--awb-margin-bottom-small:10px;--awb-margin-left-small:0px;\"><h1 class=\"fusion-title-heading title-heading-center\" style=\"margin:0;\"><h2 style=\"text-align: left;\"><strong>Massage Relaxant Enfant:<\/strong><\/h2>\n<p style=\"text-align: left;\">Massage relaxant adapt\u00e9 aux besoins de l&rsquo;enfant. Pour tout \u00e2ge d\u00e8s 15 mois.<\/p>\n<p style=\"text-align: left;\">Soulage le stress, les tensions musculaires, apaise et calme les enfants. Permet \u00e0 l&rsquo;enfant de prendre conscience de son corps et de se ressourcer.<\/p>\n<p style=\"text-align: left;\"><strong>S\u00e9ance de 45 min (Massage de 30min) = 35\u20ac (jusqu&rsquo;\u00e0 10 ans)<\/strong><\/p>\n<p style=\"text-align: left;\"><strong>S\u00e9ance de 60 min (Massage de 45 min) = 50\u20ac (\u00e0 partir de 8-10 ans)\u00a0<\/strong><\/p>\n<p>La dur\u00e9e du massage d\u00e9pend de l&rsquo;habitude de l&rsquo;enfant.<\/p><\/h1><\/div><div class=\"fusion-sep-clear\"><\/div><div class=\"fusion-separator fusion-full-width-sep\" style=\"margin-left: auto;margin-right: auto;margin-top:20px;width:100%;\"><\/div><div class=\"fusion-sep-clear\"><\/div><div class=\"fusion-button-wrapper fusion-aligncenter\"><a class=\"fusion-button button-flat fusion-button-default-size button-custom fusion-button-default button-1 fusion-button-default-span fusion-button-default-type\" style=\"--button_accent_color:#ffffff;--button_accent_hover_color:#ffffff;--button_border_hover_color:#ffffff;--button_gradient_top_color:#890981;--button_gradient_bottom_color:#890981;--button_gradient_top_color_hover:#ba1886;--button_gradient_bottom_color_hover:#ba1886;\" target=\"_self\" href=\"https:\/\/www.resalib.fr\/praticien\/100689-stephanie-pinhel-un-instant-pour-soi-praticien-en-energetique-chinoise-filliere\"><span class=\"fusion-button-text awb-button__text awb-button__text--default\">Prendre rendez-vous en ligne<\/span><\/a><\/div><div class=\"fusion-title title fusion-title-3 fusion-sep-none fusion-title-center fusion-title-text fusion-title-size-three\" style=\"--awb-margin-top-small:10px;--awb-margin-right-small:0px;--awb-margin-bottom-small:10px;--awb-margin-left-small:0px;\"><h3 class=\"fusion-title-heading title-heading-center\" style=\"margin:0;\"><p style=\"text-align: center;\"><em> <a style=\"color: #eab8ff;\" href=\"http:\/\/institut-uninstantpoursoi.fr\/index.php\/horaires-contacts\/\" target=\"blank\"><strong>L&rsquo;\u00e9tablissement n&rsquo;accepte pas les r\u00e8glements par Carte Bancaire.<\/strong><\/a><\/em><\/p><\/h3><\/div><div class=\"fusion-sep-clear\"><\/div><div class=\"fusion-separator fusion-full-width-sep\" style=\"margin-left: auto;margin-right: auto;margin-top:50px;width:100%;\"><\/div><div class=\"fusion-sep-clear\"><\/div><div class=\"fusion-clearfix\"><\/div><\/div><\/div><\/div><\/div><\/p>\n","protected":false},"excerpt":{"rendered":"","protected":false},"author":1,"featured_media":0,"parent":0,"menu_order":0,"comment_status":"closed","ping_status":"closed","template":"","meta":{"footnotes":""},"class_list":["post-743","page","type-page","status-publish","hentry"],"yoast_head":"<!-- This site is optimized with the Yoast SEO plugin v26.8 - https:\/\/yoast.com\/product\/yoast-seo-wordpress\/ -->\n<title>Soins Maternit\u00e9 et Enfants - Un instant pour soi<\/title>\n<meta name=\"robots\" content=\"index, follow, max-snippet:-1, max-image-preview:large, max-video-preview:-1\" \/>\n<link rel=\"canonical\" href=\"https:\/\/institut-uninstantpoursoi.fr\/index.php\/soins-maternite\/\" \/>\n<meta property=\"og:locale\" content=\"fr_FR\" \/>\n<meta property=\"og:type\" content=\"article\" \/>\n<meta property=\"og:title\" content=\"Soins Maternit\u00e9 et Enfants - Un instant pour soi\" \/>\n<meta property=\"og:url\" content=\"https:\/\/institut-uninstantpoursoi.fr\/index.php\/soins-maternite\/\" \/>\n<meta property=\"og:site_name\" content=\"Un instant pour soi\" \/>\n<meta property=\"article:modified_time\" content=\"2025-02-27T17:34:07+00:00\" \/>\n<meta name=\"twitter:card\" content=\"summary_large_image\" \/>\n<meta name=\"twitter:label1\" content=\"Dur\u00e9e de lecture estim\u00e9e\" \/>\n\t<meta name=\"twitter:data1\" content=\"3 minutes\" \/>\n<script type=\"application\/ld+json\" class=\"yoast-schema-graph\">{\"@context\":\"https:\/\/schema.org\",\"@graph\":[{\"@type\":\"WebPage\",\"@id\":\"https:\/\/institut-uninstantpoursoi.fr\/index.php\/soins-maternite\/\",\"url\":\"https:\/\/institut-uninstantpoursoi.fr\/index.php\/soins-maternite\/\",\"name\":\"Soins Maternit\u00e9 et Enfants - Un instant pour soi\",\"isPartOf\":{\"@id\":\"https:\/\/institut-uninstantpoursoi.fr\/#website\"},\"datePublished\":\"2018-03-26T17:04:49+00:00\",\"dateModified\":\"2025-02-27T17:34:07+00:00\",\"breadcrumb\":{\"@id\":\"https:\/\/institut-uninstantpoursoi.fr\/index.php\/soins-maternite\/#breadcrumb\"},\"inLanguage\":\"fr-FR\",\"potentialAction\":[{\"@type\":\"ReadAction\",\"target\":[\"https:\/\/institut-uninstantpoursoi.fr\/index.php\/soins-maternite\/\"]}]},{\"@type\":\"BreadcrumbList\",\"@id\":\"https:\/\/institut-uninstantpoursoi.fr\/index.php\/soins-maternite\/#breadcrumb\",\"itemListElement\":[{\"@type\":\"ListItem\",\"position\":1,\"name\":\"Accueil\",\"item\":\"https:\/\/institut-uninstantpoursoi.fr\/\"},{\"@type\":\"ListItem\",\"position\":2,\"name\":\"Soins Maternit\u00e9 et Enfants\"}]},{\"@type\":\"WebSite\",\"@id\":\"https:\/\/institut-uninstantpoursoi.fr\/#website\",\"url\":\"https:\/\/institut-uninstantpoursoi.fr\/\",\"name\":\"Un instant pour soi\",\"description\":\"Cabinet de massage\",\"potentialAction\":[{\"@type\":\"SearchAction\",\"target\":{\"@type\":\"EntryPoint\",\"urlTemplate\":\"https:\/\/institut-uninstantpoursoi.fr\/?s={search_term_string}\"},\"query-input\":{\"@type\":\"PropertyValueSpecification\",\"valueRequired\":true,\"valueName\":\"search_term_string\"}}],\"inLanguage\":\"fr-FR\"}]}<\/script>\n<!-- \/ Yoast SEO plugin. -->","yoast_head_json":{"title":"Soins Maternit\u00e9 et Enfants - Un instant pour soi","robots":{"index":"index","follow":"follow","max-snippet":"max-snippet:-1","max-image-preview":"max-image-preview:large","max-video-preview":"max-video-preview:-1"},"canonical":"https:\/\/institut-uninstantpoursoi.fr\/index.php\/soins-maternite\/","og_locale":"fr_FR","og_type":"article","og_title":"Soins Maternit\u00e9 et Enfants - Un instant pour soi","og_url":"https:\/\/institut-uninstantpoursoi.fr\/index.php\/soins-maternite\/","og_site_name":"Un instant pour soi","article_modified_time":"2025-02-27T17:34:07+00:00","twitter_card":"summary_large_image","twitter_misc":{"Dur\u00e9e de lecture estim\u00e9e":"3 minutes"},"schema":{"@context":"https:\/\/schema.org","@graph":[{"@type":"WebPage","@id":"https:\/\/institut-uninstantpoursoi.fr\/index.php\/soins-maternite\/","url":"https:\/\/institut-uninstantpoursoi.fr\/index.php\/soins-maternite\/","name":"Soins Maternit\u00e9 et Enfants - Un instant pour soi","isPartOf":{"@id":"https:\/\/institut-uninstantpoursoi.fr\/#website"},"datePublished":"2018-03-26T17:04:49+00:00","dateModified":"2025-02-27T17:34:07+00:00","breadcrumb":{"@id":"https:\/\/institut-uninstantpoursoi.fr\/index.php\/soins-maternite\/#breadcrumb"},"inLanguage":"fr-FR","potentialAction":[{"@type":"ReadAction","target":["https:\/\/institut-uninstantpoursoi.fr\/index.php\/soins-maternite\/"]}]},{"@type":"BreadcrumbList","@id":"https:\/\/institut-uninstantpoursoi.fr\/index.php\/soins-maternite\/#breadcrumb","itemListElement":[{"@type":"ListItem","position":1,"name":"Accueil","item":"https:\/\/institut-uninstantpoursoi.fr\/"},{"@type":"ListItem","position":2,"name":"Soins Maternit\u00e9 et Enfants"}]},{"@type":"WebSite","@id":"https:\/\/institut-uninstantpoursoi.fr\/#website","url":"https:\/\/institut-uninstantpoursoi.fr\/","name":"Un instant pour soi","description":"Cabinet de massage","potentialAction":[{"@type":"SearchAction","target":{"@type":"EntryPoint","urlTemplate":"https:\/\/institut-uninstantpoursoi.fr\/?s={search_term_string}"},"query-input":{"@type":"PropertyValueSpecification","valueRequired":true,"valueName":"search_term_string"}}],"inLanguage":"fr-FR"}]}},"_links":{"self":[{"href":"https:\/\/institut-uninstantpoursoi.fr\/index.php\/wp-json\/wp\/v2\/pages\/743","targetHints":{"allow":["GET"]}}],"collection":[{"href":"https:\/\/institut-uninstantpoursoi.fr\/index.php\/wp-json\/wp\/v2\/pages"}],"about":[{"href":"https:\/\/institut-uninstantpoursoi.fr\/index.php\/wp-json\/wp\/v2\/types\/page"}],"author":[{"embeddable":true,"href":"https:\/\/institut-uninstantpoursoi.fr\/index.php\/wp-json\/wp\/v2\/users\/1"}],"replies":[{"embeddable":true,"href":"https:\/\/institut-uninstantpoursoi.fr\/index.php\/wp-json\/wp\/v2\/comments?post=743"}],"version-history":[{"count":31,"href":"https:\/\/institut-uninstantpoursoi.fr\/index.php\/wp-json\/wp\/v2\/pages\/743\/revisions"}],"predecessor-version":[{"id":1627,"href":"https:\/\/institut-uninstantpoursoi.fr\/index.php\/wp-json\/wp\/v2\/pages\/743\/revisions\/1627"}],"wp:attachment":[{"href":"https:\/\/institut-uninstantpoursoi.fr\/index.php\/wp-json\/wp\/v2\/media?parent=743"}],"curies":[{"name":"wp","href":"https:\/\/api.w.org\/{rel}","templated":true}]}}