{"id":215,"date":"2018-02-24T15:38:44","date_gmt":"2018-02-24T14:38:44","guid":{"rendered":"http:\/\/nathan-daviet.com\/?page_id=215"},"modified":"2025-04-07T15:00:29","modified_gmt":"2025-04-07T13:00:29","slug":"presentation","status":"publish","type":"page","link":"https:\/\/institut-uninstantpoursoi.fr\/index.php\/presentation\/","title":{"rendered":"Pr\u00e9sentation"},"content":{"rendered":"<p><div class=\"fusion-fullwidth fullwidth-box fusion-builder-row-1 nonhundred-percent-fullwidth non-hundred-percent-height-scrolling\" style=\"--awb-border-radius-top-left:0px;--awb-border-radius-top-right:0px;--awb-border-radius-bottom-right:0px;--awb-border-radius-bottom-left:0px;--awb-background-color:rgba(107,1,140,0);--awb-flex-wrap:wrap;\" ><div class=\"fusion-builder-row fusion-row\"><div class=\"fusion-layout-column fusion_builder_column fusion-builder-column-0 fusion_builder_column_1_1 1_1 fusion-one-full fusion-column-first fusion-column-last\" style=\"--awb-bg-size:cover;--awb-margin-bottom:0px;\"><div class=\"fusion-column-wrapper fusion-flex-column-wrapper-legacy\"><div class=\"fusion-sep-clear\"><\/div><div class=\"fusion-separator fusion-full-width-sep\" style=\"margin-left: auto;margin-right: auto;margin-top:80px;width:100%;\"><\/div><div class=\"fusion-sep-clear\"><\/div><div class=\"fusion-title title fusion-title-1 fusion-sep-none fusion-title-center fusion-title-text fusion-title-size-one\" style=\"--awb-margin-top-small:10px;--awb-margin-right-small:0px;--awb-margin-bottom-small:10px;--awb-margin-left-small:0px;\"><h1 class=\"fusion-title-heading title-heading-center\" style=\"margin:0;\"><h1 style=\"text-align: center;\"><strong><em>Qui suis-je ?<\/em><\/strong><\/h1><\/h1><\/div><div class=\"fusion-image-element fusion-image-align-center in-legacy-container\" style=\"text-align:center;--awb-caption-title-font-family:var(--h2_typography-font-family);--awb-caption-title-font-weight:var(--h2_typography-font-weight);--awb-caption-title-font-style:var(--h2_typography-font-style);--awb-caption-title-size:var(--h2_typography-font-size);--awb-caption-title-transform:var(--h2_typography-text-transform);--awb-caption-title-line-height:var(--h2_typography-line-height);--awb-caption-title-letter-spacing:var(--h2_typography-letter-spacing);\"><div class=\"imageframe-align-center\"><span class=\" fusion-imageframe imageframe-none imageframe-1 hover-type-zoomin\"><img decoding=\"async\" width=\"200\" height=\"200\" alt=\"St\u00e9phanie Pinhel\" title=\"photo moi\" src=\"https:\/\/institut-uninstantpoursoi.fr\/wp-content\/uploads\/2021\/11\/photo-moi-1-e1636739224836.jpg\" class=\"img-responsive wp-image-1416\"\/><\/span><\/div><\/div><div class=\"fusion-sep-clear\"><\/div><div class=\"fusion-separator fusion-full-width-sep\" style=\"margin-left: auto;margin-right: auto;margin-top:50px;width:100%;\"><\/div><div class=\"fusion-sep-clear\"><\/div><div class=\"fusion-text fusion-text-1\"><h2>St\u00e9phanie, je suis <a style=\"color: #c9a97a;\" target=\"blank\"><strong>praticienne en massages bien \u00eatre<\/strong><\/a> et esth\u00e9ticienne, titulaire d&rsquo;un BTS Esth\u00e9tique-Cosm\u00e9tique et d&rsquo;une formation professionnelle \u00ab\u00a0experts en soins du corps\u00a0\u00bb <a style=\"color: #c9a97a;\" target=\"blank\"><strong>depuis 2010<\/strong><\/a>.<\/h2>\n<h2>Apr\u00e8s plusieurs ann\u00e9es d&rsquo;exercice en spa et en institut de beaut\u00e9, j&rsquo;ai d\u00e9cid\u00e9 de me sp\u00e9cialiser dans le domaine qui me <a style=\"color: #c9a97a;\" target=\"blank\"><strong>passionnait<\/strong><\/a>, \u00e0 savoir les <a style=\"color: #c9a97a;\" target=\"blank\"><strong>massages<\/strong><\/a> car pour moi, nous ne pouvons \u00eatre meilleur que lorsque nous faisons ce qu&rsquo;il nous pla\u00eet. Les soins que je vous propose ont donc essentiellement un but de <a style=\"color: #c9a97a;\" target=\"blank\"><strong>d\u00e9tente et de relaxation<\/strong><\/a> voire une vis\u00e9e th\u00e9rapeutique.<\/h2>\n<h2>Mon parcours ainsi que mes diverses exp\u00e9riences me permettent de vous apporter des <a style=\"color: #c9a97a;\" target=\"blank\"><strong>conseils<\/strong><\/a> et un <a style=\"color: #c9a97a;\" target=\"blank\"><strong>soutien professionnel<\/strong><\/a> afin que vous ressortissiez de mon centre d\u00e9tendu et soulag\u00e9.<\/h2>\n<h2>Afin de vous apporter toujours le meilleur de moi-m\u00eame et d&rsquo;apprendre de nouvelles techniques, j&rsquo;effectue r\u00e9guli\u00e8rement des formations professionnelles.<\/h2>\n<h2>De belles rencontres ont orient\u00e9 mon chemin vers la <a style=\"color: #c9a97a;\" target=\"blank\"><strong>m\u00e9decine chinoise<\/strong><\/a>, qui est devenue pour moi une <a style=\"color: #c9a97a;\" target=\"blank\"><strong>philosophie de vie<\/strong><\/a>.<\/h2>\n<\/div><div class=\"fusion-sep-clear\"><\/div><div class=\"fusion-separator fusion-full-width-sep\" style=\"margin-left: auto;margin-right: auto;margin-bottom:60px;width:100%;\"><\/div><div class=\"fusion-sep-clear\"><\/div><div class=\"fusion-clearfix\"><\/div><\/div><\/div><\/div><\/div><div class=\"fusion-fullwidth fullwidth-box fusion-builder-row-2 fusion-parallax-fixed nonhundred-percent-fullwidth non-hundred-percent-height-scrolling\" style=\"--awb-border-radius-top-left:0px;--awb-border-radius-top-right:0px;--awb-border-radius-bottom-right:0px;--awb-border-radius-bottom-left:0px;--awb-background-image:url(&quot;https:\/\/institut-uninstantpoursoi.fr\/wp-content\/uploads\/2018\/01\/cf61c8fc47ce1151bd96c1d0a9136f1c.jpg&quot;);--awb-background-size:cover;--awb-flex-wrap:wrap;background-attachment:fixed;\" ><div class=\"fusion-builder-row fusion-row\"><div class=\"fusion-layout-column fusion_builder_column fusion-builder-column-1 fusion_builder_column_1_1 1_1 fusion-one-full fusion-column-first fusion-column-last\" style=\"--awb-bg-size:cover;\"><div class=\"fusion-column-wrapper fusion-flex-column-wrapper-legacy\"><div class=\"fusion-sep-clear\"><\/div><div class=\"fusion-separator fusion-full-width-sep\" style=\"margin-left: auto;margin-right: auto;margin-top:200px;margin-bottom:200px;width:100%;\"><\/div><div class=\"fusion-sep-clear\"><\/div><div class=\"fusion-clearfix\"><\/div><\/div><\/div><\/div><\/div><div class=\"fusion-fullwidth fullwidth-box fusion-builder-row-3 nonhundred-percent-fullwidth non-hundred-percent-height-scrolling\" style=\"--awb-border-radius-top-left:0px;--awb-border-radius-top-right:0px;--awb-border-radius-bottom-right:0px;--awb-border-radius-bottom-left:0px;--awb-background-color:rgba(107,1,140,0);--awb-flex-wrap:wrap;\" ><div class=\"fusion-builder-row fusion-row\"><div class=\"fusion-layout-column fusion_builder_column fusion-builder-column-2 fusion_builder_column_1_1 1_1 fusion-one-full fusion-column-first fusion-column-last\" style=\"--awb-bg-size:cover;\"><div class=\"fusion-column-wrapper fusion-flex-column-wrapper-legacy\"><div class=\"fusion-sep-clear\"><\/div><div class=\"fusion-separator fusion-full-width-sep\" style=\"margin-left: auto;margin-right: auto;margin-top:80px;width:100%;\"><\/div><div class=\"fusion-sep-clear\"><\/div><div class=\"fusion-text fusion-text-2\"><h2>J&rsquo;ai donc re\u00e7u plusieurs formations de la part de <a style=\"color: #c9a97a;\" target=\"blank\"><strong>th\u00e9rapeutes en m\u00e9decine chinoise<\/strong><\/a> et je continue d&rsquo;enrichir mes connaissances pour vous proposer des soins complets et approfondis. Je suis \u00e9galement praticienne en Chi Nei Tsang, le Massage Tao\u00efste du ventre, qui est un soin d&rsquo;accompagnement tr\u00e8s profond, issu \u00e9galement de la m\u00e9decine traditionnelle chinoise et qui permet une lib\u00e9ration physique et \u00e9motionnelle intense. Mon but est ainsi de vous accompagner sur le chemin de l&rsquo;auto-gu\u00e9rison \u00e0 travers ces diff\u00e9rentes techniques que j&rsquo;affectionne particuli\u00e8rement.<\/h2>\n<h2>J&rsquo;ai \u00e9galement suivi des formations afin de pouvoir masser les <a style=\"color: #c9a97a;\" target=\"blank\"><strong>nouveaux n\u00e9s<\/strong><\/a> ainsi que les <a style=\"color: #c9a97a;\" target=\"blank\"><strong>femmes enceintes<\/strong><\/a>. La <a style=\"color: #c9a97a;\" target=\"blank\"><strong>Maternit\u00e9<\/strong><\/a> repr\u00e9sente un moment important pour la vie d&rsquo;une femme, o\u00f9 elle a besoin de se sentir bien. Il est donc important pour moi de pouvoir proposer ce service pour les futures mamans ainsi que pour les b\u00e9b\u00e9s et les enfants qui ont encore plus besoin d&rsquo;\u00eatre pris en consid\u00e9ration et de lib\u00e9rer leur charge \u00e9motionnelle.<\/h2>\n<h2>Je vous invite \u00e0 prendre rendez-vous pour d\u00e9couvrir le bien \u00eatre que j&rsquo;aime partager, en esp\u00e9rant que notre <a style=\"color: #c9a97a;\" target=\"blank\"><strong>rencontre<\/strong><\/a>\u00a0ira au del\u00e0 de ce site.<\/h2>\n<h2>Au plaisir de prendre soin de vous.<\/h2>\n<\/div><div class=\"fusion-clearfix\"><\/div><\/div><\/div><div class=\"fusion-layout-column fusion_builder_column fusion-builder-column-3 fusion_builder_column_1_1 1_1 fusion-one-full fusion-column-first fusion-column-last\" style=\"--awb-bg-size:cover;\"><div class=\"fusion-column-wrapper fusion-flex-column-wrapper-legacy\"><div class=\"fusion-column-content-centered\"><div class=\"fusion-column-content\"><div class=\"fusion-sep-clear\"><\/div><div class=\"fusion-separator fusion-full-width-sep\" style=\"margin-left: auto;margin-right: auto;margin-top:40px;width:100%;\"><\/div><div class=\"fusion-sep-clear\"><\/div><div class=\"fusion-button-wrapper fusion-aligncenter\"><a class=\"fusion-button button-flat button-medium button-custom fusion-button-default button-1 fusion-button-default-span fusion-button-default-type fusion-animated\" style=\"--button_accent_color:#ffffff;--button_accent_hover_color:#ffffff;--button_border_hover_color:#ffffff;--button_gradient_top_color:#890981;--button_gradient_bottom_color:#890981;--button_gradient_top_color_hover:#ba1886;--button_gradient_bottom_color_hover:#ba1886;\" data-animationType=\"bounceInDown\" data-animationDuration=\"0.3\" data-animationOffset=\"top-into-view\" target=\"_self\" href=\"https:\/\/www.resalib.fr\/praticien\/100689-stephanie-pinhel-un-instant-pour-soi-praticien-en-energetique-chinoise-filliere\"><span class=\"fusion-button-text awb-button__text awb-button__text--default\">Prendre rendez-vous en ligne<\/span><\/a><\/div><div class=\"fusion-sep-clear\"><\/div><div class=\"fusion-separator fusion-full-width-sep\" style=\"margin-left: auto;margin-right: auto;margin-top:40px;width:100%;\"><\/div><div class=\"fusion-sep-clear\"><\/div><div class=\"fusion-sep-clear\"><\/div><div class=\"fusion-separator fusion-full-width-sep\" style=\"margin-left: auto;margin-right: auto;margin-top:20px;width:100%;\"><div class=\"fusion-separator-border sep-shadow\" style=\"--awb-height:20px;--awb-amount:20px;--awb-sep-color:#b71772;background:radial-gradient(ellipse at 50% -50% , #b71772 0px, rgba(255, 255, 255, 0) 80%) repeat scroll 0 0 rgba(0, 0, 0, 0);background:-webkit-radial-gradient(ellipse at 50% -50% , #b71772 0px, rgba(255, 255, 255, 0) 80%) repeat scroll 0 0 rgba(0, 0, 0, 0);background:-moz-radial-gradient(ellipse at 50% -50% , #b71772 0px, rgba(255, 255, 255, 0) 80%) repeat scroll 0 0 rgba(0, 0, 0, 0);background:-o-radial-gradient(ellipse at 50% -50% , #b71772 0px, rgba(255, 255, 255, 0) 80%) repeat scroll 0 0 rgba(0, 0, 0, 0);\"><\/div><\/div><div class=\"fusion-sep-clear\"><\/div><\/div><\/div><div class=\"fusion-clearfix\"><\/div><\/div><\/div><\/div><\/div><\/p>\n","protected":false},"excerpt":{"rendered":"","protected":false},"author":1,"featured_media":0,"parent":0,"menu_order":0,"comment_status":"closed","ping_status":"closed","template":"","meta":{"footnotes":""},"class_list":["post-215","page","type-page","status-publish","hentry"],"yoast_head":"<!-- This site is optimized with the Yoast SEO plugin v26.8 - https:\/\/yoast.com\/product\/yoast-seo-wordpress\/ -->\n<title>Pr\u00e9sentation - Un instant pour soi<\/title>\n<meta name=\"robots\" content=\"index, follow, max-snippet:-1, max-image-preview:large, max-video-preview:-1\" \/>\n<link rel=\"canonical\" href=\"https:\/\/institut-uninstantpoursoi.fr\/index.php\/presentation\/\" \/>\n<meta property=\"og:locale\" content=\"fr_FR\" \/>\n<meta property=\"og:type\" content=\"article\" \/>\n<meta property=\"og:title\" content=\"Pr\u00e9sentation - Un instant pour soi\" \/>\n<meta property=\"og:url\" content=\"https:\/\/institut-uninstantpoursoi.fr\/index.php\/presentation\/\" \/>\n<meta property=\"og:site_name\" content=\"Un instant pour soi\" \/>\n<meta property=\"article:modified_time\" content=\"2025-04-07T13:00:29+00:00\" \/>\n<meta name=\"twitter:card\" content=\"summary_large_image\" \/>\n<meta name=\"twitter:label1\" content=\"Dur\u00e9e de lecture estim\u00e9e\" \/>\n\t<meta name=\"twitter:data1\" content=\"2 minutes\" \/>\n<script type=\"application\/ld+json\" class=\"yoast-schema-graph\">{\"@context\":\"https:\/\/schema.org\",\"@graph\":[{\"@type\":\"WebPage\",\"@id\":\"https:\/\/institut-uninstantpoursoi.fr\/index.php\/presentation\/\",\"url\":\"https:\/\/institut-uninstantpoursoi.fr\/index.php\/presentation\/\",\"name\":\"Pr\u00e9sentation - Un instant pour soi\",\"isPartOf\":{\"@id\":\"https:\/\/institut-uninstantpoursoi.fr\/#website\"},\"datePublished\":\"2018-02-24T14:38:44+00:00\",\"dateModified\":\"2025-04-07T13:00:29+00:00\",\"breadcrumb\":{\"@id\":\"https:\/\/institut-uninstantpoursoi.fr\/index.php\/presentation\/#breadcrumb\"},\"inLanguage\":\"fr-FR\",\"potentialAction\":[{\"@type\":\"ReadAction\",\"target\":[\"https:\/\/institut-uninstantpoursoi.fr\/index.php\/presentation\/\"]}]},{\"@type\":\"BreadcrumbList\",\"@id\":\"https:\/\/institut-uninstantpoursoi.fr\/index.php\/presentation\/#breadcrumb\",\"itemListElement\":[{\"@type\":\"ListItem\",\"position\":1,\"name\":\"Accueil\",\"item\":\"https:\/\/institut-uninstantpoursoi.fr\/\"},{\"@type\":\"ListItem\",\"position\":2,\"name\":\"Pr\u00e9sentation\"}]},{\"@type\":\"WebSite\",\"@id\":\"https:\/\/institut-uninstantpoursoi.fr\/#website\",\"url\":\"https:\/\/institut-uninstantpoursoi.fr\/\",\"name\":\"Un instant pour soi\",\"description\":\"Cabinet de massage\",\"potentialAction\":[{\"@type\":\"SearchAction\",\"target\":{\"@type\":\"EntryPoint\",\"urlTemplate\":\"https:\/\/institut-uninstantpoursoi.fr\/?s={search_term_string}\"},\"query-input\":{\"@type\":\"PropertyValueSpecification\",\"valueRequired\":true,\"valueName\":\"search_term_string\"}}],\"inLanguage\":\"fr-FR\"}]}<\/script>\n<!-- \/ Yoast SEO plugin. -->","yoast_head_json":{"title":"Pr\u00e9sentation - Un instant pour soi","robots":{"index":"index","follow":"follow","max-snippet":"max-snippet:-1","max-image-preview":"max-image-preview:large","max-video-preview":"max-video-preview:-1"},"canonical":"https:\/\/institut-uninstantpoursoi.fr\/index.php\/presentation\/","og_locale":"fr_FR","og_type":"article","og_title":"Pr\u00e9sentation - Un instant pour soi","og_url":"https:\/\/institut-uninstantpoursoi.fr\/index.php\/presentation\/","og_site_name":"Un instant pour soi","article_modified_time":"2025-04-07T13:00:29+00:00","twitter_card":"summary_large_image","twitter_misc":{"Dur\u00e9e de lecture estim\u00e9e":"2 minutes"},"schema":{"@context":"https:\/\/schema.org","@graph":[{"@type":"WebPage","@id":"https:\/\/institut-uninstantpoursoi.fr\/index.php\/presentation\/","url":"https:\/\/institut-uninstantpoursoi.fr\/index.php\/presentation\/","name":"Pr\u00e9sentation - Un instant pour soi","isPartOf":{"@id":"https:\/\/institut-uninstantpoursoi.fr\/#website"},"datePublished":"2018-02-24T14:38:44+00:00","dateModified":"2025-04-07T13:00:29+00:00","breadcrumb":{"@id":"https:\/\/institut-uninstantpoursoi.fr\/index.php\/presentation\/#breadcrumb"},"inLanguage":"fr-FR","potentialAction":[{"@type":"ReadAction","target":["https:\/\/institut-uninstantpoursoi.fr\/index.php\/presentation\/"]}]},{"@type":"BreadcrumbList","@id":"https:\/\/institut-uninstantpoursoi.fr\/index.php\/presentation\/#breadcrumb","itemListElement":[{"@type":"ListItem","position":1,"name":"Accueil","item":"https:\/\/institut-uninstantpoursoi.fr\/"},{"@type":"ListItem","position":2,"name":"Pr\u00e9sentation"}]},{"@type":"WebSite","@id":"https:\/\/institut-uninstantpoursoi.fr\/#website","url":"https:\/\/institut-uninstantpoursoi.fr\/","name":"Un instant pour soi","description":"Cabinet de massage","potentialAction":[{"@type":"SearchAction","target":{"@type":"EntryPoint","urlTemplate":"https:\/\/institut-uninstantpoursoi.fr\/?s={search_term_string}"},"query-input":{"@type":"PropertyValueSpecification","valueRequired":true,"valueName":"search_term_string"}}],"inLanguage":"fr-FR"}]}},"_links":{"self":[{"href":"https:\/\/institut-uninstantpoursoi.fr\/index.php\/wp-json\/wp\/v2\/pages\/215","targetHints":{"allow":["GET"]}}],"collection":[{"href":"https:\/\/institut-uninstantpoursoi.fr\/index.php\/wp-json\/wp\/v2\/pages"}],"about":[{"href":"https:\/\/institut-uninstantpoursoi.fr\/index.php\/wp-json\/wp\/v2\/types\/page"}],"author":[{"embeddable":true,"href":"https:\/\/institut-uninstantpoursoi.fr\/index.php\/wp-json\/wp\/v2\/users\/1"}],"replies":[{"embeddable":true,"href":"https:\/\/institut-uninstantpoursoi.fr\/index.php\/wp-json\/wp\/v2\/comments?post=215"}],"version-history":[{"count":90,"href":"https:\/\/institut-uninstantpoursoi.fr\/index.php\/wp-json\/wp\/v2\/pages\/215\/revisions"}],"predecessor-version":[{"id":1684,"href":"https:\/\/institut-uninstantpoursoi.fr\/index.php\/wp-json\/wp\/v2\/pages\/215\/revisions\/1684"}],"wp:attachment":[{"href":"https:\/\/institut-uninstantpoursoi.fr\/index.php\/wp-json\/wp\/v2\/media?parent=215"}],"curies":[{"name":"wp","href":"https:\/\/api.w.org\/{rel}","templated":true}]}}